{"id":8691,"date":"2021-11-22T13:29:08","date_gmt":"2021-11-22T12:29:08","guid":{"rendered":"https:\/\/www.casibella.com\/it\/?page_id=8691"},"modified":"2021-11-22T13:29:10","modified_gmt":"2021-11-22T12:29:10","slug":"wagering-requirement","status":"publish","type":"page","link":"https:\/\/www.casibella.com\/it\/bonus\/wagering-requirement\/","title":{"rendered":"Cosa sono i Wagering Requirement?"},"content":{"rendered":"\n<h1 class=\"wp-block-heading\">Cosa sono i Wagering Requirement?<\/h1>\n\n\n\n<p>Quando un nuovo giocatore si avvicina al mondo dei <strong>casin\u00f2 online<\/strong> questo si trover\u00e0 a dover fare i conti con una terminologia piuttosto tecnica che, ormai, fa parte del <strong>linguaggio comune<\/strong> per gli abituali frequentatori.<\/p>\n\n\n\n<p>Tra le varie parole con cui potresti avere a che fare c\u2019\u00e8 \u201cWagering Requirement\u201d, un termine inglese molto importante per capire il funzionamento dei bonus e quello relativo alle tue vincite. In questa guida troverai tutto quello che c\u2019\u00e8 da sapere sull\u2019argomento.<\/p>\n\n\n\n<h2 class=\"wp-block-heading\">Cosa significa Wagering Requirement?<\/h2>\n\n\n\n<p><strong>Wagering Requirement<\/strong> \u00e8 un termine che potremmo tradurre in italiano con \u201crequisito di scommessa\u201d e che fa riferimento al <strong>volume di gioco necessario<\/strong> per il giocatore affinch\u00e9 questo possa riscuotere il suo bonus. In pratica non \u00e8 altro che il limite massimo di puntate necessario per poter usufruire del <strong><a href=\"https:\/\/www.casibella.com\/it\/bonus\/\">bonus casin\u00f2<\/a><\/strong> offerto dalla piattaforma.<\/p>\n\n\n\n<p>Molto spesso questo termine viene erroneamente collegato a quello di<strong> Playthrough<\/strong>, concetto simile ma con una sottile differenza rispetto al <strong>Wagering Requirement<\/strong>.<\/p>\n\n\n\n<p>Per l\u2019esattezza Play Through \u00e8 la parola che sottintende la quantit\u00e0 di denaro totale che un giocatore deve piazzare sul casin\u00f2 online per poter ricevere il bonus di benvenuto.<\/p>\n\n\n\n<p>Pertanto nel primo caso parliamo di un <strong>volume di scommesse<\/strong> mentre, nel secondo, ci riferiamo ad un <strong>limite di denaro<\/strong> da spendere in giocate. Effettivamente questi due termini potrebbero essere utilizzati per lo stesso concetto, perch\u00e9 prevedono <strong>l\u2019erogazione di un bonus<\/strong> solamente nel rispetto di una <strong>precisa condizione<\/strong>: il gioco di una somma di denaro X stabilita dal casin\u00f2.<\/p>\n\n\n\n<h3 class=\"wp-block-heading\">Il moltiplicatore o fattore di conversione<\/h3>\n\n\n\n<p>In particolare ci riferiamo ad <strong>un moltiplicatore <\/strong>o fattore di conversione che regola il volume di gioco indispensabile per generare e prelevare il bonus offerto dal casin\u00f2. Il <strong>Playthtrough<\/strong>, quindi, \u00e8 un obbligo che il casin\u00f2 prevede per i giocatori per evitare che questi incassino il bonus senza giocare. Si concretizza nell\u2019utilizzo della somma ricevuta in omaggio per un numero di volte prestabilito dal casin\u00f2.<\/p>\n\n\n\n<p>Questo limite \u00e8 variabile e <strong>dipende dalla piattaforma<\/strong> e, pertanto, richiede al giocatore di visionare con attenzione le condizioni relative al bonus cashback, ovvero a come questo potr\u00e0 essere ritirato sul proprio<strong> conto corrente<\/strong>. Differentemente il <strong>Wagering Requirement<\/strong> non stabilisce una puntata da effettuare ma un numero stabilito di partite da giocare per un altrettanto <strong>numero di giochi<\/strong> in cui cimentarsi.<\/p>\n\n\n\n<h3 class=\"wp-block-heading\">Un esempio di Wagering Requirement<\/h3>\n\n\n\n<p>In particolare il <strong>Wagering Requirement<\/strong> fa riferimento alla sola riscossione del bonus e non riguarda quanto denaro \u00e8 stato depositato dal giocatore. Per esempio se un casin\u00f2 online offre un <strong>bonus di benvenuto del 100% fino a 500,00\u20ac<\/strong> sul primo deposito questo non significa altro che l\u2019accredito di 500,00\u20ac obbligher\u00e0 il casin\u00f2 ad elargire un bonus di <strong>altrettanti 500,00\u20ac.<\/strong><\/p>\n\n\n\n<h2 class=\"wp-block-heading\">Come viene elargito il bonus con Wagering Requirement?<\/h2>\n\n\n\n<p>Infine c\u2019\u00e8 da chiarire <strong>come viene elargito il bonus<\/strong> perch\u00e9 non basta un deposito sul conto di gioco per ottenerlo, come avviene in alcuni casi. Per la maggioranza dei casin\u00f2, per accedere al bonus, il giocatore deve <strong>soddisfare il requisito di scommessa<\/strong> previsto dalle condizioni che lo stesso accetta all\u2019iscrizione.<\/p>\n\n\n\n<p>Il requisito di scommessa o Wagering Requirement impone al giocatore una giocata ripetuta <strong>per un certo numero di volte<\/strong> per poter riscuotere il bonus promesso. Ecco perch\u00e9 dovrai sempre leggere le condizioni del casin\u00f2 prima di depositare il tuo denaro sul conto di gioco. Ma non solo. Il nostro consiglio \u00e8 quello di prediligere le piattaforme che offrono bonus di benvenuto a <strong>Wagering Requirement basso<\/strong> o facilmente accessibile.<\/p>\n\n\n\n<p>Infine ti ricordiamo che non tutti i giochi dello stesso casin\u00f2 concorrono nella <strong>medesima percentuale<\/strong> perch\u00e9 per esempio le slot machines e le roulettes contribuiscono al 100% mentre&nbsp; gli altri giochi solamente al 50%.<\/p>\n\n\n\n<p>Chiaramente parliamo di <strong>valori generici<\/strong>, ovvero di informazioni che valgono a livello universale ma che potrebbero variare da casin\u00f2 a casin\u00f2. Per sapere in dettaglio quali sono i <strong>valori minimi di giocata<\/strong> e le percentuali di accesso al bonus devi consultare le condizioni di gioco del casin\u00f2 a cui ti iscriverai.<\/p>\n","protected":false},"excerpt":{"rendered":"<p>Cosa sono i Wagering Requirement? Quando un nuovo giocatore si avvicina al mondo dei casin\u00f2 online questo si trover\u00e0 a dover fare i conti con una terminologia piuttosto tecnica che, ormai, fa parte del linguaggio comune per gli abituali frequentatori. Tra le varie parole con cui potresti avere a che fare c\u2019\u00e8 \u201cWagering Requirement\u201d, un [&hellip;]<\/p>\n","protected":false},"author":7,"featured_media":0,"parent":603,"menu_order":0,"comment_status":"closed","ping_status":"closed","template":"full-width-gutenberg-no-sidebar.php","meta":{"yasr_overall_rating":0,"yasr_post_is_review":"","yasr_auto_insert_disabled":"","yasr_review_type":"","footnotes":""},"class_list":["post-8691","page","type-page","status-publish","hentry"],"yoast_head":"<!-- This site is optimized with the Yoast SEO Premium plugin v27.0 (Yoast SEO v27.0) - https:\/\/yoast.com\/product\/yoast-seo-premium-wordpress\/ -->\n<title>Cos\u2019\u00e8 il Wagering Requirement? Ecco come funziona<\/title>\n<meta name=\"description\" content=\"Il Wagering Requirement \u00e8 il requisito di scommessa. Si tratta di una condizione da rispettare per ricevere il bonus promesso dal casin\u00f2.\" \/>\n<meta name=\"robots\" content=\"index, follow, max-snippet:-1, max-image-preview:large, max-video-preview:-1\" \/>\n<link rel=\"canonical\" href=\"https:\/\/www.casibella.com\/it\/bonus\/wagering-requirement\/\" \/>\n<meta property=\"og:locale\" content=\"en_US\" \/>\n<meta property=\"og:type\" content=\"article\" \/>\n<meta property=\"og:title\" content=\"Cosa sono i Wagering Requirement?\" \/>\n<meta property=\"og:description\" content=\"Il Wagering Requirement \u00e8 il requisito di scommessa. Si tratta di una condizione da rispettare per ricevere il bonus promesso dal casin\u00f2.\" \/>\n<meta property=\"og:url\" content=\"https:\/\/www.casibella.com\/it\/bonus\/wagering-requirement\/\" \/>\n<meta property=\"og:site_name\" content=\"Casibella Italia\" \/>\n<meta property=\"article:modified_time\" content=\"2021-11-22T12:29:10+00:00\" \/>\n<meta name=\"twitter:card\" content=\"summary_large_image\" \/>\n<meta name=\"twitter:label1\" content=\"Est. reading time\" \/>\n\t<meta name=\"twitter:data1\" content=\"3 minutes\" \/>\n<script type=\"application\/ld+json\" class=\"yoast-schema-graph\">{\"@context\":\"https:\/\/schema.org\",\"@graph\":[{\"@type\":\"WebPage\",\"@id\":\"https:\/\/www.casibella.com\/it\/bonus\/wagering-requirement\/\",\"url\":\"https:\/\/www.casibella.com\/it\/bonus\/wagering-requirement\/\",\"name\":\"Cos\u2019\u00e8 il Wagering Requirement? Ecco come funziona\",\"isPartOf\":{\"@id\":\"https:\/\/www.casibella.com\/it\/#website\"},\"datePublished\":\"2021-11-22T12:29:08+00:00\",\"dateModified\":\"2021-11-22T12:29:10+00:00\",\"description\":\"Il Wagering Requirement \u00e8 il requisito di scommessa. Si tratta di una condizione da rispettare per ricevere il bonus promesso dal casin\u00f2.\",\"breadcrumb\":{\"@id\":\"https:\/\/www.casibella.com\/it\/bonus\/wagering-requirement\/#breadcrumb\"},\"inLanguage\":\"en-US\",\"potentialAction\":[{\"@type\":\"ReadAction\",\"target\":[\"https:\/\/www.casibella.com\/it\/bonus\/wagering-requirement\/\"]}]},{\"@type\":\"BreadcrumbList\",\"@id\":\"https:\/\/www.casibella.com\/it\/bonus\/wagering-requirement\/#breadcrumb\",\"itemListElement\":[{\"@type\":\"ListItem\",\"position\":1,\"name\":\"Home\",\"item\":\"https:\/\/www.casibella.com\/it\/\"},{\"@type\":\"ListItem\",\"position\":2,\"name\":\"Casino Bonus\",\"item\":\"https:\/\/www.casibella.com\/it\/bonus\/\"},{\"@type\":\"ListItem\",\"position\":3,\"name\":\"Cosa sono i Wagering Requirement?\"}]},{\"@type\":\"WebSite\",\"@id\":\"https:\/\/www.casibella.com\/it\/#website\",\"url\":\"https:\/\/www.casibella.com\/it\/\",\"name\":\"Casibella Italia\",\"description\":\"Casibella\",\"publisher\":{\"@id\":\"https:\/\/www.casibella.com\/it\/#organization\"},\"potentialAction\":[{\"@type\":\"SearchAction\",\"target\":{\"@type\":\"EntryPoint\",\"urlTemplate\":\"https:\/\/www.casibella.com\/it\/?s={search_term_string}\"},\"query-input\":{\"@type\":\"PropertyValueSpecification\",\"valueRequired\":true,\"valueName\":\"search_term_string\"}}],\"inLanguage\":\"en-US\"},{\"@type\":\"Organization\",\"@id\":\"https:\/\/www.casibella.com\/it\/#organization\",\"name\":\"Casibella Italia\",\"url\":\"https:\/\/www.casibella.com\/it\/\",\"logo\":{\"@type\":\"ImageObject\",\"inLanguage\":\"en-US\",\"@id\":\"https:\/\/www.casibella.com\/it\/#\/schema\/logo\/image\/\",\"url\":\"https:\/\/eb3vj6jpgos.exactdn.com\/it\/wp-content\/uploads\/sites\/2\/2026\/01\/cropped-cropped-cropped-casibella-logo-blue-150x47-1.jpg?strip=all\",\"contentUrl\":\"https:\/\/eb3vj6jpgos.exactdn.com\/it\/wp-content\/uploads\/sites\/2\/2026\/01\/cropped-cropped-cropped-casibella-logo-blue-150x47-1.jpg?strip=all\",\"width\":150,\"height\":47,\"caption\":\"Casibella Italia\"},\"image\":{\"@id\":\"https:\/\/www.casibella.com\/it\/#\/schema\/logo\/image\/\"}},false]}<\/script>\n<!-- \/ Yoast SEO Premium plugin. -->","yoast_head_json":{"title":"Cos\u2019\u00e8 il Wagering Requirement? Ecco come funziona","description":"Il Wagering Requirement \u00e8 il requisito di scommessa. Si tratta di una condizione da rispettare per ricevere il bonus promesso dal casin\u00f2.","robots":{"index":"index","follow":"follow","max-snippet":"max-snippet:-1","max-image-preview":"max-image-preview:large","max-video-preview":"max-video-preview:-1"},"canonical":"https:\/\/www.casibella.com\/it\/bonus\/wagering-requirement\/","og_locale":"en_US","og_type":"article","og_title":"Cosa sono i Wagering Requirement?","og_description":"Il Wagering Requirement \u00e8 il requisito di scommessa. Si tratta di una condizione da rispettare per ricevere il bonus promesso dal casin\u00f2.","og_url":"https:\/\/www.casibella.com\/it\/bonus\/wagering-requirement\/","og_site_name":"Casibella Italia","article_modified_time":"2021-11-22T12:29:10+00:00","twitter_card":"summary_large_image","twitter_misc":{"Est. reading time":"3 minutes"},"schema":{"@context":"https:\/\/schema.org","@graph":[{"@type":"WebPage","@id":"https:\/\/www.casibella.com\/it\/bonus\/wagering-requirement\/","url":"https:\/\/www.casibella.com\/it\/bonus\/wagering-requirement\/","name":"Cos\u2019\u00e8 il Wagering Requirement? Ecco come funziona","isPartOf":{"@id":"https:\/\/www.casibella.com\/it\/#website"},"datePublished":"2021-11-22T12:29:08+00:00","dateModified":"2021-11-22T12:29:10+00:00","description":"Il Wagering Requirement \u00e8 il requisito di scommessa. Si tratta di una condizione da rispettare per ricevere il bonus promesso dal casin\u00f2.","breadcrumb":{"@id":"https:\/\/www.casibella.com\/it\/bonus\/wagering-requirement\/#breadcrumb"},"inLanguage":"en-US","potentialAction":[{"@type":"ReadAction","target":["https:\/\/www.casibella.com\/it\/bonus\/wagering-requirement\/"]}]},{"@type":"BreadcrumbList","@id":"https:\/\/www.casibella.com\/it\/bonus\/wagering-requirement\/#breadcrumb","itemListElement":[{"@type":"ListItem","position":1,"name":"Home","item":"https:\/\/www.casibella.com\/it\/"},{"@type":"ListItem","position":2,"name":"Casino Bonus","item":"https:\/\/www.casibella.com\/it\/bonus\/"},{"@type":"ListItem","position":3,"name":"Cosa sono i Wagering Requirement?"}]},{"@type":"WebSite","@id":"https:\/\/www.casibella.com\/it\/#website","url":"https:\/\/www.casibella.com\/it\/","name":"Casibella Italia","description":"Casibella","publisher":{"@id":"https:\/\/www.casibella.com\/it\/#organization"},"potentialAction":[{"@type":"SearchAction","target":{"@type":"EntryPoint","urlTemplate":"https:\/\/www.casibella.com\/it\/?s={search_term_string}"},"query-input":{"@type":"PropertyValueSpecification","valueRequired":true,"valueName":"search_term_string"}}],"inLanguage":"en-US"},{"@type":"Organization","@id":"https:\/\/www.casibella.com\/it\/#organization","name":"Casibella Italia","url":"https:\/\/www.casibella.com\/it\/","logo":{"@type":"ImageObject","inLanguage":"en-US","@id":"https:\/\/www.casibella.com\/it\/#\/schema\/logo\/image\/","url":"https:\/\/eb3vj6jpgos.exactdn.com\/it\/wp-content\/uploads\/sites\/2\/2026\/01\/cropped-cropped-cropped-casibella-logo-blue-150x47-1.jpg?strip=all","contentUrl":"https:\/\/eb3vj6jpgos.exactdn.com\/it\/wp-content\/uploads\/sites\/2\/2026\/01\/cropped-cropped-cropped-casibella-logo-blue-150x47-1.jpg?strip=all","width":150,"height":47,"caption":"Casibella Italia"},"image":{"@id":"https:\/\/www.casibella.com\/it\/#\/schema\/logo\/image\/"}},false]}},"featured_image_src":null,"yasr_visitor_votes":{"stars_attributes":{"read_only":false,"span_bottom":false},"number_of_votes":0,"sum_votes":0},"_links":{"self":[{"href":"https:\/\/www.casibella.com\/it\/wp-json\/wp\/v2\/pages\/8691","targetHints":{"allow":["GET"]}}],"collection":[{"href":"https:\/\/www.casibella.com\/it\/wp-json\/wp\/v2\/pages"}],"about":[{"href":"https:\/\/www.casibella.com\/it\/wp-json\/wp\/v2\/types\/page"}],"author":[{"embeddable":true,"href":"https:\/\/www.casibella.com\/it\/wp-json\/wp\/v2\/users\/7"}],"replies":[{"embeddable":true,"href":"https:\/\/www.casibella.com\/it\/wp-json\/wp\/v2\/comments?post=8691"}],"version-history":[{"count":1,"href":"https:\/\/www.casibella.com\/it\/wp-json\/wp\/v2\/pages\/8691\/revisions"}],"predecessor-version":[{"id":8692,"href":"https:\/\/www.casibella.com\/it\/wp-json\/wp\/v2\/pages\/8691\/revisions\/8692"}],"up":[{"embeddable":true,"href":"https:\/\/www.casibella.com\/it\/wp-json\/wp\/v2\/pages\/603"}],"wp:attachment":[{"href":"https:\/\/www.casibella.com\/it\/wp-json\/wp\/v2\/media?parent=8691"}],"curies":[{"name":"wp","href":"https:\/\/api.w.org\/{rel}","templated":true}]}}